{"id":1449,"date":"2021-07-07T04:29:53","date_gmt":"2021-07-07T04:29:53","guid":{"rendered":"https:\/\/www.devsnews.com\/wp\/zomata-element\/?page_id=1449"},"modified":"2025-02-12T10:34:04","modified_gmt":"2025-02-12T10:34:04","slug":"about","status":"publish","type":"page","link":"https:\/\/cigroup.hu\/hu\/about\/","title":{"rendered":"R\u00f3lunk"},"content":{"rendered":"<div data-elementor-type=\"wp-page\" data-elementor-id=\"1449\" class=\"elementor elementor-1449\">\n\t\t\t\t\t\t<section class=\"elementor-section elementor-top-section elementor-element elementor-element-856ff32 elementor-section-full_width elementor-section-height-default elementor-section-height-default\" data-id=\"856ff32\" data-element_type=\"section\" data-e-type=\"section\">\n\t\t\t\t\t\t<div class=\"elementor-container elementor-column-gap-no\">\n\t\t\t\t\t<div class=\"elementor-column elementor-col-100 elementor-top-column elementor-element elementor-element-5541c0a\" data-id=\"5541c0a\" data-element_type=\"column\" data-e-type=\"column\">\n\t\t\t<div class=\"elementor-widget-wrap elementor-element-populated\">\n\t\t\t\t\t\t<div class=\"elementor-element elementor-element-77607f4 elementor-widget elementor-widget-about bdevs-el about\" data-id=\"77607f4\" data-element_type=\"widget\" data-e-type=\"widget\" data-settings=\"{&quot;design_style&quot;:&quot;style_7&quot;}\" data-widget_type=\"about.default\">\n\t\t\t\t<div class=\"elementor-widget-container\">\n\t\t\t\t\t\r\n        \r\n            <div class=\"about-us-area about-shape bdevs-el-content\">\r\n                <div class=\"container\">\r\n                    <div class=\"row\">\r\n                        <div class=\"col-xl-6 col-lg-6\">\r\n                            <div class=\"about-info mb-30\">\r\n\r\n                                <h1 class=\"bdevs-el-title\">\u00dcdv a CIG-n\u00e9l<\/h1>\r\n                                                                    <span class=\"bdevs-el-title\">R\u00f3lunk<\/span>\r\n                                \r\n                                                                    <p>A Castle International Group Kft. pr\u00e9mium min\u0151s\u00e9g\u0171 friss \u00e9s fagyasztott term\u00e9kek eur\u00f3pai importj\u00e1ra \u00e9s forgalmaz\u00e1s\u00e1ra szakosodott. Sz\u00e9khely\u00fcnk Magyarorsz\u00e1gon tal\u00e1lhat\u00f3, \u00e9s g\u00f6rd\u00fcl\u00e9keny logisztik\u00e1t, szab\u00e1lyoz\u00e1si megfelel\u00e9st, valamint kiemelked\u0151 min\u0151s\u00e9gi szabv\u00e1nyokat biztos\u00edtunk nagykeresked\u0151k \u00e9s v\u00e1llalkoz\u00e1sok sz\u00e1m\u00e1ra.\n\nAz Egyiptomban m\u0171k\u00f6d\u0151, tan\u00fas\u00edtott testv\u00e9rv\u00e1llalatunk r\u00e9v\u00e9n ir\u00e1ny\u00edtjuk a beszerz\u00e9st, feldolgoz\u00e1st \u00e9s a min\u0151s\u00e9gellen\u0151rz\u00e9st, garant\u00e1lva, hogy term\u00e9keink megfeleljenek a nemzetk\u00f6zi \u00e9lelmiszerbiztons\u00e1gi el\u0151\u00edr\u00e1soknak. Ez az integr\u00e1ci\u00f3 lehet\u0151v\u00e9 teszi sz\u00e1munkra az ell\u00e1t\u00e1si l\u00e1nc teljes kontrollj\u00e1t, \u00edgy megb\u00edzhat\u00f3an \u00e9s kiv\u00e1l\u00f3 min\u0151s\u00e9gben sz\u00e1ll\u00edtunk farm-friss \u00e9s fagyasztott term\u00e9keket.\n\nT\u00f6bb \u00e9ves tapasztalattal a glob\u00e1lis kereskedelem ter\u00e9n, egyedi megold\u00e1sokat, optimaliz\u00e1lt logisztik\u00e1t \u00e9s fenntarthat\u00f3 m\u0171k\u00f6d\u00e9st k\u00edn\u00e1lunk \u2013 ez\u00e1ltal megb\u00edzhat\u00f3 partnerei vagyunk mindazoknak, akik kiv\u00e1l\u00f3 min\u0151s\u00e9g\u0171 importterm\u00e9keket keresnek\n\n<\/p>\r\n                                \r\n                            <\/div>\r\n                        <\/div>\r\n                        <div class=\"col-xl-6 col-lg-6\">\r\n                                                            <div class=\"about-img mb-30\">\r\n                                    <img decoding=\"async\" data-src=\"https:\/\/cigroup.hu\/wp-content\/uploads\/2025\/02\/Downloader.la-67ab891ae8340.jpeg\" alt=\"image\" src=\"data:image\/svg+xml;base64,PHN2ZyB3aWR0aD0iMSIgaGVpZ2h0PSIxIiB4bWxucz0iaHR0cDovL3d3dy53My5vcmcvMjAwMC9zdmciPjwvc3ZnPg==\" class=\"lazyload\" style=\"--smush-placeholder-width: 1224px; --smush-placeholder-aspect-ratio: 1224\/1224;\">\r\n                                <\/div>\r\n                                                    <\/div>\r\n                    <\/div>\r\n                <\/div>\r\n            <\/div>\r\n\r\n        \t\t\t\t<\/div>\n\t\t\t\t<\/div>\n\t\t\t\t\t<\/div>\n\t\t<\/div>\n\t\t\t\t\t<\/div>\n\t\t<\/section>\n\t\t\t\t<section class=\"elementor-section elementor-top-section elementor-element elementor-element-423332c elementor-section-full_width elementor-section-height-default elementor-section-height-default\" data-id=\"423332c\" data-element_type=\"section\" data-e-type=\"section\" data-settings=\"{&quot;background_background&quot;:&quot;classic&quot;}\">\n\t\t\t\t\t\t<div class=\"elementor-container elementor-column-gap-no\">\n\t\t\t\t\t<div class=\"elementor-column elementor-col-50 elementor-top-column elementor-element elementor-element-1ad2e10\" data-id=\"1ad2e10\" data-element_type=\"column\" data-e-type=\"column\">\n\t\t\t<div class=\"elementor-widget-wrap elementor-element-populated\">\n\t\t\t\t\t\t<div class=\"elementor-element elementor-element-6d146c6 elementor-widget elementor-widget-image\" data-id=\"6d146c6\" data-element_type=\"widget\" data-e-type=\"widget\" data-widget_type=\"image.default\">\n\t\t\t\t<div class=\"elementor-widget-container\">\n\t\t\t\t\t\t\t\t\t\t\t\t\t\t\t<img fetchpriority=\"high\" decoding=\"async\" width=\"1224\" height=\"816\" src=\"https:\/\/cigroup.hu\/wp-content\/uploads\/2025\/02\/Home-page1-1.jpg\" class=\"attachment-full size-full wp-image-4471\" alt=\"\" srcset=\"https:\/\/cigroup.hu\/wp-content\/uploads\/2025\/02\/Home-page1-1.jpg 1224w, https:\/\/cigroup.hu\/wp-content\/uploads\/2025\/02\/Home-page1-1-300x200.jpg 300w, https:\/\/cigroup.hu\/wp-content\/uploads\/2025\/02\/Home-page1-1-1024x683.jpg 1024w, https:\/\/cigroup.hu\/wp-content\/uploads\/2025\/02\/Home-page1-1-768x512.jpg 768w, https:\/\/cigroup.hu\/wp-content\/uploads\/2025\/02\/Home-page1-1-18x12.jpg 18w, https:\/\/cigroup.hu\/wp-content\/uploads\/2025\/02\/Home-page1-1-600x400.jpg 600w\" sizes=\"(max-width: 1224px) 100vw, 1224px\" \/>\t\t\t\t\t\t\t\t\t\t\t\t\t\t\t<\/div>\n\t\t\t\t<\/div>\n\t\t\t\t\t<\/div>\n\t\t<\/div>\n\t\t\t\t<div class=\"elementor-column elementor-col-50 elementor-top-column elementor-element elementor-element-141210c\" data-id=\"141210c\" data-element_type=\"column\" data-e-type=\"column\">\n\t\t\t<div class=\"elementor-widget-wrap elementor-element-populated\">\n\t\t\t\t\t\t<div class=\"elementor-element elementor-element-ea7c3d2 elementor-widget elementor-widget-faq bdevs-el faq\" data-id=\"ea7c3d2\" data-element_type=\"widget\" data-e-type=\"widget\" data-settings=\"{&quot;design_style&quot;:&quot;style_1&quot;}\" data-widget_type=\"faq.default\">\n\t\t\t\t<div class=\"elementor-widget-container\">\n\t\t\t\t\t\r\n\r\n        <div class=\"accordion_wrapper\">\r\n            <div class=\"question-collapse\">\r\n                <div class=\"faq-title\">\r\n                                    <\/div>\r\n                <div id=\"accordion\">\r\n                                            <div class=\"card\">\r\n                            <div class=\"card-header\" id=\"heading_0\">\r\n                                <h5 class=\"mb-0\">\r\n                                    <a class=\"btn-link\"\r\n                                        data-toggle=\"collapse\"\r\n                                        data-target=\"#collapse_0\"\r\n                                        aria-expanded=\"true\"\r\n                                        aria-controls=\"collapseOne\">\r\n                                        J\u00f6v\u0151k\u00e9p                                    <\/a>\r\n                                <\/h5>\r\n                            <\/div>\r\n\r\n                            <div id=\"collapse_0\"\r\n                                class=\"collapse show\"\r\n                                aria-labelledby=\"heading_0\"\r\n                                data-parent=\"#accordion\">\r\n                                <div class=\"card-body\">\r\n                                    C\u00e9lunk, hogy glob\u00e1lis vezet\u0151v\u00e9 v\u00e1ljunk az import \u00e9s export ter\u00fclet\u00e9n, k\u00f6zvetlen\u00fcl ir\u00e1ny\u00edtva a pr\u00e9mium min\u0151s\u00e9g\u0171 friss \u00e9s fagyasztott term\u00e9kek beszerz\u00e9s\u00e9t, gy\u00e1rt\u00e1s\u00e1t \u00e9s forgalmaz\u00e1s\u00e1t. Elk\u00f6telezettek vagyunk a min\u0151s\u00e9g, a fenntarthat\u00f3s\u00e1g \u00e9s a hat\u00e9konys\u00e1g mellett, biztos\u00edtva, hogy minden \u00e1ltalunk sz\u00e1ll\u00edtott term\u00e9k megfeleljen a legmagasabb nemzetk\u00f6zi szabv\u00e1nyoknak.\n                                <\/div>\r\n                            <\/div>\r\n                        <\/div>\r\n                                            <div class=\"card\">\r\n                            <div class=\"card-header\" id=\"heading_1\">\r\n                                <h5 class=\"mb-0\">\r\n                                    <a class=\"btn-link\"\r\n                                        data-toggle=\"collapse\"\r\n                                        data-target=\"#collapse_1\"\r\n                                        aria-expanded=\"false\"\r\n                                        aria-controls=\"collapseOne\">\r\n                                        K\u00fcldet\u00e9s                                     <\/a>\r\n                                <\/h5>\r\n                            <\/div>\r\n\r\n                            <div id=\"collapse_1\"\r\n                                class=\"collapse\"\r\n                                aria-labelledby=\"heading_1\"\r\n                                data-parent=\"#accordion\">\r\n                                <div class=\"card-body\">\r\n                                    K\u00fcldet\u00e9s\u00fcnk, hogy kiv\u00e1l\u00f3 min\u0151s\u00e9g\u0171 friss \u00e9s fagyasztott term\u00e9keket sz\u00e1ll\u00edtsunk, amelyeket saj\u00e1t l\u00e9tes\u00edtm\u00e9nyeinken \u00e9s megb\u00edzhat\u00f3 partnerh\u00e1l\u00f3zatunkon kereszt\u00fcl szerz\u00fcnk be, dolgozunk fel \u00e9s forgalmazunk. C\u00e9lunk az ell\u00e1t\u00e1si l\u00e1nc teljes ellen\u0151rz\u00e9se, amely pr\u00e9mium min\u0151s\u00e9get, megb\u00edzhat\u00f3s\u00e1got \u00e9s z\u00f6kken\u0151mentes kereskedelmet biztos\u00edt partnereink sz\u00e1m\u00e1ra vil\u00e1gszerte.\n                                <\/div>\r\n                            <\/div>\r\n                        <\/div>\r\n                    \r\n                <\/div>\r\n            <\/div>\r\n        <\/div>\r\n\r\n\t\t\t\t<\/div>\n\t\t\t\t<\/div>\n\t\t\t\t\t<\/div>\n\t\t<\/div>\n\t\t\t\t\t<\/div>\n\t\t<\/section>\n\t\t\t\t<\/div>","protected":false},"excerpt":{"rendered":"<p>Welcome To CIG about us At The Castle International Group Kft., we specialize in the import and distribution of premium fresh and frozen products across Europe. Headquartered in Hungary, we ensure seamless logistics, regulatory compliance, and top-tier quality standards to serve wholesalers and businesses efficiently. Backed by our certified sister company in Egypt, we manage [&hellip;]<\/p>","protected":false},"author":1,"featured_media":0,"parent":0,"menu_order":0,"comment_status":"closed","ping_status":"closed","template":"elementor_header_footer","meta":{"_acf_changed":false,"content-type":"","footnotes":""},"class_list":["post-1449","page","type-page","status-publish","hentry"],"acf":[],"yoast_head":"<!-- This site is optimized with the Yoast SEO plugin v27.4 - https:\/\/yoast.com\/product\/yoast-seo-wordpress\/ -->\n<title>About - CIG<\/title>\n<meta name=\"robots\" content=\"index, follow, max-snippet:-1, max-image-preview:large, max-video-preview:-1\" \/>\n<link rel=\"canonical\" href=\"https:\/\/cigroup.hu\/hu\/about\/\" \/>\n<meta property=\"og:locale\" content=\"hu_HU\" \/>\n<meta property=\"og:type\" content=\"article\" \/>\n<meta property=\"og:title\" content=\"About - CIG\" \/>\n<meta property=\"og:description\" content=\"Welcome To CIG about us At The Castle International Group Kft., we specialize in the import and distribution of premium fresh and frozen products across Europe. Headquartered in Hungary, we ensure seamless logistics, regulatory compliance, and top-tier quality standards to serve wholesalers and businesses efficiently. Backed by our certified sister company in Egypt, we manage [&hellip;]\" \/>\n<meta property=\"og:url\" content=\"https:\/\/cigroup.hu\/hu\/about\/\" \/>\n<meta property=\"og:site_name\" content=\"CIG\" \/>\n<meta property=\"article:modified_time\" content=\"2025-02-12T10:34:04+00:00\" \/>\n<meta property=\"og:image\" content=\"https:\/\/darkslateblue-gerbil-767580.hostingersite.com\/wp-content\/uploads\/2025\/02\/Downloader.la-67ab891ae8340.jpeg\" \/>\n<meta name=\"twitter:card\" content=\"summary_large_image\" \/>\n<meta name=\"twitter:label1\" content=\"Becs\u00fclt olvas\u00e1si id\u0151\" \/>\n\t<meta name=\"twitter:data1\" content=\"1 perc\" \/>\n<script type=\"application\/ld+json\" class=\"yoast-schema-graph\">{\"@context\":\"https:\\\/\\\/schema.org\",\"@graph\":[{\"@type\":\"WebPage\",\"@id\":\"https:\\\/\\\/cigroup.hu\\\/about\\\/\",\"url\":\"https:\\\/\\\/cigroup.hu\\\/about\\\/\",\"name\":\"About - CIG\",\"isPartOf\":{\"@id\":\"https:\\\/\\\/cigroup.hu\\\/#website\"},\"primaryImageOfPage\":{\"@id\":\"https:\\\/\\\/cigroup.hu\\\/about\\\/#primaryimage\"},\"image\":{\"@id\":\"https:\\\/\\\/cigroup.hu\\\/about\\\/#primaryimage\"},\"thumbnailUrl\":\"https:\\\/\\\/darkslateblue-gerbil-767580.hostingersite.com\\\/wp-content\\\/uploads\\\/2025\\\/02\\\/Downloader.la-67ab891ae8340.jpeg\",\"datePublished\":\"2021-07-07T04:29:53+00:00\",\"dateModified\":\"2025-02-12T10:34:04+00:00\",\"breadcrumb\":{\"@id\":\"https:\\\/\\\/cigroup.hu\\\/about\\\/#breadcrumb\"},\"inLanguage\":\"hu\",\"potentialAction\":[{\"@type\":\"ReadAction\",\"target\":[\"https:\\\/\\\/cigroup.hu\\\/about\\\/\"]}]},{\"@type\":\"ImageObject\",\"inLanguage\":\"hu\",\"@id\":\"https:\\\/\\\/cigroup.hu\\\/about\\\/#primaryimage\",\"url\":\"https:\\\/\\\/darkslateblue-gerbil-767580.hostingersite.com\\\/wp-content\\\/uploads\\\/2025\\\/02\\\/Downloader.la-67ab891ae8340.jpeg\",\"contentUrl\":\"https:\\\/\\\/darkslateblue-gerbil-767580.hostingersite.com\\\/wp-content\\\/uploads\\\/2025\\\/02\\\/Downloader.la-67ab891ae8340.jpeg\"},{\"@type\":\"BreadcrumbList\",\"@id\":\"https:\\\/\\\/cigroup.hu\\\/about\\\/#breadcrumb\",\"itemListElement\":[{\"@type\":\"ListItem\",\"position\":1,\"name\":\"Home\",\"item\":\"https:\\\/\\\/cigroup.hu\\\/\"},{\"@type\":\"ListItem\",\"position\":2,\"name\":\"About\"}]},{\"@type\":\"WebSite\",\"@id\":\"https:\\\/\\\/cigroup.hu\\\/#website\",\"url\":\"https:\\\/\\\/cigroup.hu\\\/\",\"name\":\"CIG\",\"description\":\"\",\"publisher\":{\"@id\":\"https:\\\/\\\/cigroup.hu\\\/#organization\"},\"potentialAction\":[{\"@type\":\"SearchAction\",\"target\":{\"@type\":\"EntryPoint\",\"urlTemplate\":\"https:\\\/\\\/cigroup.hu\\\/?s={search_term_string}\"},\"query-input\":{\"@type\":\"PropertyValueSpecification\",\"valueRequired\":true,\"valueName\":\"search_term_string\"}}],\"inLanguage\":\"hu\"},{\"@type\":\"Organization\",\"@id\":\"https:\\\/\\\/cigroup.hu\\\/#organization\",\"name\":\"CIG\",\"url\":\"https:\\\/\\\/cigroup.hu\\\/\",\"logo\":{\"@type\":\"ImageObject\",\"inLanguage\":\"hu\",\"@id\":\"https:\\\/\\\/cigroup.hu\\\/#\\\/schema\\\/logo\\\/image\\\/\",\"url\":\"https:\\\/\\\/cigroup.hu\\\/wp-content\\\/uploads\\\/2025\\\/02\\\/CIG-01-copy-e1739251579760.png\",\"contentUrl\":\"https:\\\/\\\/cigroup.hu\\\/wp-content\\\/uploads\\\/2025\\\/02\\\/CIG-01-copy-e1739251579760.png\",\"width\":1387,\"height\":2535,\"caption\":\"CIG\"},\"image\":{\"@id\":\"https:\\\/\\\/cigroup.hu\\\/#\\\/schema\\\/logo\\\/image\\\/\"}}]}<\/script>\n<!-- \/ Yoast SEO plugin. -->","yoast_head_json":{"title":"About - CIG","robots":{"index":"index","follow":"follow","max-snippet":"max-snippet:-1","max-image-preview":"max-image-preview:large","max-video-preview":"max-video-preview:-1"},"canonical":"https:\/\/cigroup.hu\/hu\/about\/","og_locale":"hu_HU","og_type":"article","og_title":"About - CIG","og_description":"Welcome To CIG about us At The Castle International Group Kft., we specialize in the import and distribution of premium fresh and frozen products across Europe. Headquartered in Hungary, we ensure seamless logistics, regulatory compliance, and top-tier quality standards to serve wholesalers and businesses efficiently. Backed by our certified sister company in Egypt, we manage [&hellip;]","og_url":"https:\/\/cigroup.hu\/hu\/about\/","og_site_name":"CIG","article_modified_time":"2025-02-12T10:34:04+00:00","og_image":[{"url":"https:\/\/darkslateblue-gerbil-767580.hostingersite.com\/wp-content\/uploads\/2025\/02\/Downloader.la-67ab891ae8340.jpeg","type":"","width":"","height":""}],"twitter_card":"summary_large_image","twitter_misc":{"Becs\u00fclt olvas\u00e1si id\u0151":"1 perc"},"schema":{"@context":"https:\/\/schema.org","@graph":[{"@type":"WebPage","@id":"https:\/\/cigroup.hu\/about\/","url":"https:\/\/cigroup.hu\/about\/","name":"About - CIG","isPartOf":{"@id":"https:\/\/cigroup.hu\/#website"},"primaryImageOfPage":{"@id":"https:\/\/cigroup.hu\/about\/#primaryimage"},"image":{"@id":"https:\/\/cigroup.hu\/about\/#primaryimage"},"thumbnailUrl":"https:\/\/darkslateblue-gerbil-767580.hostingersite.com\/wp-content\/uploads\/2025\/02\/Downloader.la-67ab891ae8340.jpeg","datePublished":"2021-07-07T04:29:53+00:00","dateModified":"2025-02-12T10:34:04+00:00","breadcrumb":{"@id":"https:\/\/cigroup.hu\/about\/#breadcrumb"},"inLanguage":"hu","potentialAction":[{"@type":"ReadAction","target":["https:\/\/cigroup.hu\/about\/"]}]},{"@type":"ImageObject","inLanguage":"hu","@id":"https:\/\/cigroup.hu\/about\/#primaryimage","url":"https:\/\/darkslateblue-gerbil-767580.hostingersite.com\/wp-content\/uploads\/2025\/02\/Downloader.la-67ab891ae8340.jpeg","contentUrl":"https:\/\/darkslateblue-gerbil-767580.hostingersite.com\/wp-content\/uploads\/2025\/02\/Downloader.la-67ab891ae8340.jpeg"},{"@type":"BreadcrumbList","@id":"https:\/\/cigroup.hu\/about\/#breadcrumb","itemListElement":[{"@type":"ListItem","position":1,"name":"Home","item":"https:\/\/cigroup.hu\/"},{"@type":"ListItem","position":2,"name":"About"}]},{"@type":"WebSite","@id":"https:\/\/cigroup.hu\/#website","url":"https:\/\/cigroup.hu\/","name":"CIG","description":"","publisher":{"@id":"https:\/\/cigroup.hu\/#organization"},"potentialAction":[{"@type":"SearchAction","target":{"@type":"EntryPoint","urlTemplate":"https:\/\/cigroup.hu\/?s={search_term_string}"},"query-input":{"@type":"PropertyValueSpecification","valueRequired":true,"valueName":"search_term_string"}}],"inLanguage":"hu"},{"@type":"Organization","@id":"https:\/\/cigroup.hu\/#organization","name":"CIG","url":"https:\/\/cigroup.hu\/","logo":{"@type":"ImageObject","inLanguage":"hu","@id":"https:\/\/cigroup.hu\/#\/schema\/logo\/image\/","url":"https:\/\/cigroup.hu\/wp-content\/uploads\/2025\/02\/CIG-01-copy-e1739251579760.png","contentUrl":"https:\/\/cigroup.hu\/wp-content\/uploads\/2025\/02\/CIG-01-copy-e1739251579760.png","width":1387,"height":2535,"caption":"CIG"},"image":{"@id":"https:\/\/cigroup.hu\/#\/schema\/logo\/image\/"}}]}},"_links":{"self":[{"href":"https:\/\/cigroup.hu\/hu\/wp-json\/wp\/v2\/pages\/1449","targetHints":{"allow":["GET"]}}],"collection":[{"href":"https:\/\/cigroup.hu\/hu\/wp-json\/wp\/v2\/pages"}],"about":[{"href":"https:\/\/cigroup.hu\/hu\/wp-json\/wp\/v2\/types\/page"}],"author":[{"embeddable":true,"href":"https:\/\/cigroup.hu\/hu\/wp-json\/wp\/v2\/users\/1"}],"replies":[{"embeddable":true,"href":"https:\/\/cigroup.hu\/hu\/wp-json\/wp\/v2\/comments?post=1449"}],"version-history":[{"count":15,"href":"https:\/\/cigroup.hu\/hu\/wp-json\/wp\/v2\/pages\/1449\/revisions"}],"predecessor-version":[{"id":4474,"href":"https:\/\/cigroup.hu\/hu\/wp-json\/wp\/v2\/pages\/1449\/revisions\/4474"}],"wp:attachment":[{"href":"https:\/\/cigroup.hu\/hu\/wp-json\/wp\/v2\/media?parent=1449"}],"curies":[{"name":"wp","href":"https:\/\/api.w.org\/{rel}","templated":true}]}}