{"id":4141,"date":"2025-02-08T07:42:03","date_gmt":"2025-02-08T07:42:03","guid":{"rendered":"https:\/\/darkslateblue-gerbil-767580.hostingersite.com\/?page_id=4141"},"modified":"2025-02-08T07:44:32","modified_gmt":"2025-02-08T07:44:32","slug":"why-choose-us","status":"publish","type":"page","link":"https:\/\/cigroup.hu\/hu\/why-choose-us\/","title":{"rendered":"Why choose us"},"content":{"rendered":"<div data-elementor-type=\"wp-page\" data-elementor-id=\"4141\" class=\"elementor elementor-4141\">\n\t\t\t\t\t\t<section class=\"elementor-section elementor-top-section elementor-element elementor-element-0cb03eb elementor-section-boxed elementor-section-height-default elementor-section-height-default\" data-id=\"0cb03eb\" data-element_type=\"section\">\n\t\t\t\t\t\t<div class=\"elementor-container elementor-column-gap-default\">\n\t\t\t\t\t<div class=\"elementor-column elementor-col-50 elementor-top-column elementor-element elementor-element-b4b3997\" data-id=\"b4b3997\" data-element_type=\"column\">\n\t\t\t<div class=\"elementor-widget-wrap elementor-element-populated\">\n\t\t\t\t\t\t<div class=\"elementor-element elementor-element-6af05bd elementor-widget elementor-widget-icon-box\" data-id=\"6af05bd\" data-element_type=\"widget\" data-widget_type=\"icon-box.default\">\n\t\t\t\t<div class=\"elementor-widget-container\">\n\t\t\t\t\t\t\t<div class=\"elementor-icon-box-wrapper\">\n\n\t\t\t\n\t\t\t\t\t\t<div class=\"elementor-icon-box-content\">\n\n\t\t\t\t\t\t\t\t\t<h3 class=\"elementor-icon-box-title\">\n\t\t\t\t\t\t<span  >\n\t\t\t\t\t\t\tStrict Quality Control\t\t\t\t\t\t<\/span>\n\t\t\t\t\t<\/h3>\n\t\t\t\t\n\t\t\t\t\t\t\t\t\t<p class=\"elementor-icon-box-description\">\n\t\t\t\t\t\tOur end-to-end quality assurance processes, including pre-shipment inspections and laboratory testing, guarantee that every product meets the highest standards.\n\t\t\t\t\t<\/p>\n\t\t\t\t\n\t\t\t<\/div>\n\t\t\t\n\t\t<\/div>\n\t\t\t\t\t\t<\/div>\n\t\t\t\t<\/div>\n\t\t\t\t\t<\/div>\n\t\t<\/div>\n\t\t\t\t<div class=\"elementor-column elementor-col-50 elementor-top-column elementor-element elementor-element-cd458c2\" data-id=\"cd458c2\" data-element_type=\"column\">\n\t\t\t<div class=\"elementor-widget-wrap elementor-element-populated\">\n\t\t\t\t\t\t<div class=\"elementor-element elementor-element-0a64cc3 elementor-widget elementor-widget-icon-box\" data-id=\"0a64cc3\" data-element_type=\"widget\" data-widget_type=\"icon-box.default\">\n\t\t\t\t<div class=\"elementor-widget-container\">\n\t\t\t\t\t\t\t<div class=\"elementor-icon-box-wrapper\">\n\n\t\t\t\n\t\t\t\t\t\t<div class=\"elementor-icon-box-content\">\n\n\t\t\t\t\t\t\t\t\t<h3 class=\"elementor-icon-box-title\">\n\t\t\t\t\t\t<span  >\n\t\t\t\t\t\t\tFaster Turnaround Times\t\t\t\t\t\t<\/span>\n\t\t\t\t\t<\/h3>\n\t\t\t\t\n\t\t\t\t\t\t\t\t\t<p class=\"elementor-icon-box-description\">\n\t\t\t\t\t\tWe optimize production and delivery through advanced logistics, ensuring faster order fulfillment and minimal delays.<br><br>\t\t\t\t\t<\/p>\n\t\t\t\t\n\t\t\t<\/div>\n\t\t\t\n\t\t<\/div>\n\t\t\t\t\t\t<\/div>\n\t\t\t\t<\/div>\n\t\t\t\t\t<\/div>\n\t\t<\/div>\n\t\t\t\t\t<\/div>\n\t\t<\/section>\n\t\t\t\t<section class=\"elementor-section elementor-top-section elementor-element elementor-element-82a185b elementor-section-boxed elementor-section-height-default elementor-section-height-default\" data-id=\"82a185b\" data-element_type=\"section\">\n\t\t\t\t\t\t<div class=\"elementor-container elementor-column-gap-default\">\n\t\t\t\t\t<div class=\"elementor-column elementor-col-50 elementor-top-column elementor-element elementor-element-1272e1c\" data-id=\"1272e1c\" data-element_type=\"column\">\n\t\t\t<div class=\"elementor-widget-wrap elementor-element-populated\">\n\t\t\t\t\t\t<div class=\"elementor-element elementor-element-d58bf08 elementor-widget elementor-widget-icon-box\" data-id=\"d58bf08\" data-element_type=\"widget\" data-widget_type=\"icon-box.default\">\n\t\t\t\t<div class=\"elementor-widget-container\">\n\t\t\t\t\t\t\t<div class=\"elementor-icon-box-wrapper\">\n\n\t\t\t\n\t\t\t\t\t\t<div class=\"elementor-icon-box-content\">\n\n\t\t\t\t\t\t\t\t\t<h3 class=\"elementor-icon-box-title\">\n\t\t\t\t\t\t<span  >\n\t\t\t\t\t\t\tRegulatory Compliance Management\t\t\t\t\t\t<\/span>\n\t\t\t\t\t<\/h3>\n\t\t\t\t\n\t\t\t\t\t\t\t\t\t<p class=\"elementor-icon-box-description\">\n\t\t\t\t\t\tWe keep up-to-date with the latest EU regulations and standards, ensuring a smooth and hassle-free import process for our clients.<br><br>\t\t\t\t\t<\/p>\n\t\t\t\t\n\t\t\t<\/div>\n\t\t\t\n\t\t<\/div>\n\t\t\t\t\t\t<\/div>\n\t\t\t\t<\/div>\n\t\t\t\t\t<\/div>\n\t\t<\/div>\n\t\t\t\t<div class=\"elementor-column elementor-col-50 elementor-top-column elementor-element elementor-element-4ed82b1\" data-id=\"4ed82b1\" data-element_type=\"column\">\n\t\t\t<div class=\"elementor-widget-wrap elementor-element-populated\">\n\t\t\t\t\t\t<div class=\"elementor-element elementor-element-ebdd5ee elementor-widget elementor-widget-icon-box\" data-id=\"ebdd5ee\" data-element_type=\"widget\" data-widget_type=\"icon-box.default\">\n\t\t\t\t<div class=\"elementor-widget-container\">\n\t\t\t\t\t\t\t<div class=\"elementor-icon-box-wrapper\">\n\n\t\t\t\n\t\t\t\t\t\t<div class=\"elementor-icon-box-content\">\n\n\t\t\t\t\t\t\t\t\t<h3 class=\"elementor-icon-box-title\">\n\t\t\t\t\t\t<span  >\n\t\t\t\t\t\t\tSeamless Customs Clearance\t\t\t\t\t\t<\/span>\n\t\t\t\t\t<\/h3>\n\t\t\t\t\n\t\t\t\t\t\t\t\t\t<p class=\"elementor-icon-box-description\">\n\t\t\t\t\t\tThrough our extensive network of partners, we expedite customs clearance processes, ensuring smooth and timely deliveries with minimal bureaucratic delays.\t\t\t\t\t<\/p>\n\t\t\t\t\n\t\t\t<\/div>\n\t\t\t\n\t\t<\/div>\n\t\t\t\t\t\t<\/div>\n\t\t\t\t<\/div>\n\t\t\t\t\t<\/div>\n\t\t<\/div>\n\t\t\t\t\t<\/div>\n\t\t<\/section>\n\t\t\t\t<section class=\"elementor-section elementor-top-section elementor-element elementor-element-fb05b38 elementor-section-boxed elementor-section-height-default elementor-section-height-default\" data-id=\"fb05b38\" data-element_type=\"section\">\n\t\t\t\t\t\t<div class=\"elementor-container elementor-column-gap-default\">\n\t\t\t\t\t<div class=\"elementor-column elementor-col-50 elementor-top-column elementor-element elementor-element-49dcdaf\" data-id=\"49dcdaf\" data-element_type=\"column\">\n\t\t\t<div class=\"elementor-widget-wrap elementor-element-populated\">\n\t\t\t\t\t\t<div class=\"elementor-element elementor-element-30e6110 elementor-widget elementor-widget-icon-box\" data-id=\"30e6110\" data-element_type=\"widget\" data-widget_type=\"icon-box.default\">\n\t\t\t\t<div class=\"elementor-widget-container\">\n\t\t\t\t\t\t\t<div class=\"elementor-icon-box-wrapper\">\n\n\t\t\t\n\t\t\t\t\t\t<div class=\"elementor-icon-box-content\">\n\n\t\t\t\t\t\t\t\t\t<h3 class=\"elementor-icon-box-title\">\n\t\t\t\t\t\t<span  >\n\t\t\t\t\t\t\t Cold Chain Logistics Expertise\t\t\t\t\t\t<\/span>\n\t\t\t\t\t<\/h3>\n\t\t\t\t\n\t\t\t\t\t\t\t\t\t<p class=\"elementor-icon-box-description\">\n\t\t\t\t\t\tUsing state-of-the-art refrigeration and monitoring systems, we maintain optimal temperature control throughout the entire supply chain.\t\t\t\t\t<\/p>\n\t\t\t\t\n\t\t\t<\/div>\n\t\t\t\n\t\t<\/div>\n\t\t\t\t\t\t<\/div>\n\t\t\t\t<\/div>\n\t\t\t\t\t<\/div>\n\t\t<\/div>\n\t\t\t\t<div class=\"elementor-column elementor-col-50 elementor-top-column elementor-element elementor-element-30e45a9\" data-id=\"30e45a9\" data-element_type=\"column\">\n\t\t\t<div class=\"elementor-widget-wrap elementor-element-populated\">\n\t\t\t\t\t\t<div class=\"elementor-element elementor-element-46faea8 elementor-widget elementor-widget-icon-box\" data-id=\"46faea8\" data-element_type=\"widget\" data-widget_type=\"icon-box.default\">\n\t\t\t\t<div class=\"elementor-widget-container\">\n\t\t\t\t\t\t\t<div class=\"elementor-icon-box-wrapper\">\n\n\t\t\t\n\t\t\t\t\t\t<div class=\"elementor-icon-box-content\">\n\n\t\t\t\t\t\t\t\t\t<h3 class=\"elementor-icon-box-title\">\n\t\t\t\t\t\t<span  >\n\t\t\t\t\t\t\tSupply Chain Traceability\t\t\t\t\t\t<\/span>\n\t\t\t\t\t<\/h3>\n\t\t\t\t\n\t\t\t\t\t\t\t\t\t<p class=\"elementor-icon-box-description\">\n\t\t\t\t\t\tWe provide end-to-end tracking and documentation, ensuring complete visibility from origin to final destination.\t\t\t\t\t<\/p>\n\t\t\t\t\n\t\t\t<\/div>\n\t\t\t\n\t\t<\/div>\n\t\t\t\t\t\t<\/div>\n\t\t\t\t<\/div>\n\t\t\t\t\t<\/div>\n\t\t<\/div>\n\t\t\t\t\t<\/div>\n\t\t<\/section>\n\t\t\t\t<\/div>","protected":false},"excerpt":{"rendered":"<p>Strict Quality Control Our end-to-end quality assurance processes, including pre-shipment inspections and laboratory testing, guarantee that every product meets the highest standards. Faster Turnaround Times We optimize production and delivery through advanced logistics, ensuring faster order fulfillment and minimal delays. Regulatory Compliance Management We keep up-to-date with the latest EU regulations and standards, ensuring a [&hellip;]<\/p>","protected":false},"author":1,"featured_media":0,"parent":0,"menu_order":0,"comment_status":"closed","ping_status":"closed","template":"","meta":{"_acf_changed":false,"footnotes":""},"class_list":["post-4141","page","type-page","status-publish","hentry"],"acf":[],"yoast_head":"<!-- This site is optimized with the Yoast SEO plugin v26.6 - https:\/\/yoast.com\/wordpress\/plugins\/seo\/ -->\n<title>Why choose us - CIG<\/title>\n<meta name=\"robots\" content=\"index, follow, max-snippet:-1, max-image-preview:large, max-video-preview:-1\" \/>\n<link rel=\"canonical\" href=\"https:\/\/cigroup.hu\/hu\/why-choose-us\/\" \/>\n<meta property=\"og:locale\" content=\"hu_HU\" \/>\n<meta property=\"og:type\" content=\"article\" \/>\n<meta property=\"og:title\" content=\"Why choose us - CIG\" \/>\n<meta property=\"og:description\" content=\"Strict Quality Control Our end-to-end quality assurance processes, including pre-shipment inspections and laboratory testing, guarantee that every product meets the highest standards. Faster Turnaround Times We optimize production and delivery through advanced logistics, ensuring faster order fulfillment and minimal delays. Regulatory Compliance Management We keep up-to-date with the latest EU regulations and standards, ensuring a [&hellip;]\" \/>\n<meta property=\"og:url\" content=\"https:\/\/cigroup.hu\/hu\/why-choose-us\/\" \/>\n<meta property=\"og:site_name\" content=\"CIG\" \/>\n<meta property=\"article:modified_time\" content=\"2025-02-08T07:44:32+00:00\" \/>\n<meta name=\"twitter:card\" content=\"summary_large_image\" \/>\n<meta name=\"twitter:label1\" content=\"Becs\u00fclt olvas\u00e1si id\u0151\" \/>\n\t<meta name=\"twitter:data1\" content=\"1 perc\" \/>\n<script type=\"application\/ld+json\" class=\"yoast-schema-graph\">{\"@context\":\"https:\/\/schema.org\",\"@graph\":[{\"@type\":\"WebPage\",\"@id\":\"https:\/\/cigroup.hu\/why-choose-us\/\",\"url\":\"https:\/\/cigroup.hu\/why-choose-us\/\",\"name\":\"Why choose us - CIG\",\"isPartOf\":{\"@id\":\"https:\/\/cigroup.hu\/#website\"},\"datePublished\":\"2025-02-08T07:42:03+00:00\",\"dateModified\":\"2025-02-08T07:44:32+00:00\",\"breadcrumb\":{\"@id\":\"https:\/\/cigroup.hu\/why-choose-us\/#breadcrumb\"},\"inLanguage\":\"hu\",\"potentialAction\":[{\"@type\":\"ReadAction\",\"target\":[\"https:\/\/cigroup.hu\/why-choose-us\/\"]}]},{\"@type\":\"BreadcrumbList\",\"@id\":\"https:\/\/cigroup.hu\/why-choose-us\/#breadcrumb\",\"itemListElement\":[{\"@type\":\"ListItem\",\"position\":1,\"name\":\"Home\",\"item\":\"https:\/\/cigroup.hu\/\"},{\"@type\":\"ListItem\",\"position\":2,\"name\":\"Why choose us\"}]},{\"@type\":\"WebSite\",\"@id\":\"https:\/\/cigroup.hu\/#website\",\"url\":\"https:\/\/cigroup.hu\/\",\"name\":\"CIG\",\"description\":\"\",\"publisher\":{\"@id\":\"https:\/\/cigroup.hu\/#organization\"},\"potentialAction\":[{\"@type\":\"SearchAction\",\"target\":{\"@type\":\"EntryPoint\",\"urlTemplate\":\"https:\/\/cigroup.hu\/?s={search_term_string}\"},\"query-input\":{\"@type\":\"PropertyValueSpecification\",\"valueRequired\":true,\"valueName\":\"search_term_string\"}}],\"inLanguage\":\"hu\"},{\"@type\":\"Organization\",\"@id\":\"https:\/\/cigroup.hu\/#organization\",\"name\":\"CIG\",\"url\":\"https:\/\/cigroup.hu\/\",\"logo\":{\"@type\":\"ImageObject\",\"inLanguage\":\"hu\",\"@id\":\"https:\/\/cigroup.hu\/#\/schema\/logo\/image\/\",\"url\":\"https:\/\/cigroup.hu\/wp-content\/uploads\/2025\/02\/CIG-01-copy-e1739251579760.png\",\"contentUrl\":\"https:\/\/cigroup.hu\/wp-content\/uploads\/2025\/02\/CIG-01-copy-e1739251579760.png\",\"width\":1387,\"height\":2535,\"caption\":\"CIG\"},\"image\":{\"@id\":\"https:\/\/cigroup.hu\/#\/schema\/logo\/image\/\"}}]}<\/script>\n<!-- \/ Yoast SEO plugin. -->","yoast_head_json":{"title":"Why choose us - CIG","robots":{"index":"index","follow":"follow","max-snippet":"max-snippet:-1","max-image-preview":"max-image-preview:large","max-video-preview":"max-video-preview:-1"},"canonical":"https:\/\/cigroup.hu\/hu\/why-choose-us\/","og_locale":"hu_HU","og_type":"article","og_title":"Why choose us - CIG","og_description":"Strict Quality Control Our end-to-end quality assurance processes, including pre-shipment inspections and laboratory testing, guarantee that every product meets the highest standards. Faster Turnaround Times We optimize production and delivery through advanced logistics, ensuring faster order fulfillment and minimal delays. Regulatory Compliance Management We keep up-to-date with the latest EU regulations and standards, ensuring a [&hellip;]","og_url":"https:\/\/cigroup.hu\/hu\/why-choose-us\/","og_site_name":"CIG","article_modified_time":"2025-02-08T07:44:32+00:00","twitter_card":"summary_large_image","twitter_misc":{"Becs\u00fclt olvas\u00e1si id\u0151":"1 perc"},"schema":{"@context":"https:\/\/schema.org","@graph":[{"@type":"WebPage","@id":"https:\/\/cigroup.hu\/why-choose-us\/","url":"https:\/\/cigroup.hu\/why-choose-us\/","name":"Why choose us - CIG","isPartOf":{"@id":"https:\/\/cigroup.hu\/#website"},"datePublished":"2025-02-08T07:42:03+00:00","dateModified":"2025-02-08T07:44:32+00:00","breadcrumb":{"@id":"https:\/\/cigroup.hu\/why-choose-us\/#breadcrumb"},"inLanguage":"hu","potentialAction":[{"@type":"ReadAction","target":["https:\/\/cigroup.hu\/why-choose-us\/"]}]},{"@type":"BreadcrumbList","@id":"https:\/\/cigroup.hu\/why-choose-us\/#breadcrumb","itemListElement":[{"@type":"ListItem","position":1,"name":"Home","item":"https:\/\/cigroup.hu\/"},{"@type":"ListItem","position":2,"name":"Why choose us"}]},{"@type":"WebSite","@id":"https:\/\/cigroup.hu\/#website","url":"https:\/\/cigroup.hu\/","name":"CIG","description":"","publisher":{"@id":"https:\/\/cigroup.hu\/#organization"},"potentialAction":[{"@type":"SearchAction","target":{"@type":"EntryPoint","urlTemplate":"https:\/\/cigroup.hu\/?s={search_term_string}"},"query-input":{"@type":"PropertyValueSpecification","valueRequired":true,"valueName":"search_term_string"}}],"inLanguage":"hu"},{"@type":"Organization","@id":"https:\/\/cigroup.hu\/#organization","name":"CIG","url":"https:\/\/cigroup.hu\/","logo":{"@type":"ImageObject","inLanguage":"hu","@id":"https:\/\/cigroup.hu\/#\/schema\/logo\/image\/","url":"https:\/\/cigroup.hu\/wp-content\/uploads\/2025\/02\/CIG-01-copy-e1739251579760.png","contentUrl":"https:\/\/cigroup.hu\/wp-content\/uploads\/2025\/02\/CIG-01-copy-e1739251579760.png","width":1387,"height":2535,"caption":"CIG"},"image":{"@id":"https:\/\/cigroup.hu\/#\/schema\/logo\/image\/"}}]}},"_links":{"self":[{"href":"https:\/\/cigroup.hu\/hu\/wp-json\/wp\/v2\/pages\/4141","targetHints":{"allow":["GET"]}}],"collection":[{"href":"https:\/\/cigroup.hu\/hu\/wp-json\/wp\/v2\/pages"}],"about":[{"href":"https:\/\/cigroup.hu\/hu\/wp-json\/wp\/v2\/types\/page"}],"author":[{"embeddable":true,"href":"https:\/\/cigroup.hu\/hu\/wp-json\/wp\/v2\/users\/1"}],"replies":[{"embeddable":true,"href":"https:\/\/cigroup.hu\/hu\/wp-json\/wp\/v2\/comments?post=4141"}],"version-history":[{"count":0,"href":"https:\/\/cigroup.hu\/hu\/wp-json\/wp\/v2\/pages\/4141\/revisions"}],"wp:attachment":[{"href":"https:\/\/cigroup.hu\/hu\/wp-json\/wp\/v2\/media?parent=4141"}],"curies":[{"name":"wp","href":"https:\/\/api.w.org\/{rel}","templated":true}]}}