{"id":4431,"date":"2025-02-11T20:11:19","date_gmt":"2025-02-11T20:11:19","guid":{"rendered":"https:\/\/darkslateblue-gerbil-767580.hostingersite.com\/?page_id=4431"},"modified":"2025-02-12T09:57:22","modified_gmt":"2025-02-12T09:57:22","slug":"products","status":"publish","type":"page","link":"https:\/\/cigroup.hu\/hu\/products\/","title":{"rendered":"Term\u00e9kek"},"content":{"rendered":"<div data-elementor-type=\"wp-page\" data-elementor-id=\"4431\" class=\"elementor elementor-4431\">\n\t\t\t\t\t\t<section class=\"elementor-section elementor-top-section elementor-element elementor-element-b516b9d elementor-section-full_width elementor-section-height-default elementor-section-height-default\" data-id=\"b516b9d\" data-element_type=\"section\" data-settings=\"{&quot;background_background&quot;:&quot;classic&quot;}\">\n\t\t\t\t\t\t<div class=\"elementor-container elementor-column-gap-no\">\n\t\t\t\t\t<div class=\"elementor-column elementor-col-100 elementor-top-column elementor-element elementor-element-fa1ac77\" data-id=\"fa1ac77\" data-element_type=\"column\">\n\t\t\t<div class=\"elementor-widget-wrap elementor-element-populated\">\n\t\t\t\t\t\t<section class=\"elementor-section elementor-inner-section elementor-element elementor-element-040a8b4 elementor-section-boxed elementor-section-height-default elementor-section-height-default\" data-id=\"040a8b4\" data-element_type=\"section\">\n\t\t\t\t\t\t<div class=\"elementor-container elementor-column-gap-extended\">\n\t\t\t\t\t<div class=\"elementor-column elementor-col-50 elementor-inner-column elementor-element elementor-element-dab5132\" data-id=\"dab5132\" data-element_type=\"column\">\n\t\t\t<div class=\"elementor-widget-wrap elementor-element-populated\">\n\t\t\t\t\t\t<div class=\"elementor-element elementor-element-2d438e5 elementor-widget elementor-widget-service bdevs-el service\" data-id=\"2d438e5\" data-element_type=\"widget\" data-settings=\"{&quot;design_style&quot;:&quot;style_1&quot;}\" data-widget_type=\"service.default\">\n\t\t\t\t<div class=\"elementor-widget-container\">\n\t\t\t\t\t\n\n        \n\n            <div class=\"features-wrapper single-features wrapper-aligned bdevs-el-service-box\">\n\n                <div class=\"features-img bdevs-el-icon\">\n                    <img decoding=\"async\" src=\"https:\/\/cigroup.hu\/wp-content\/uploads\/2025\/02\/Untitled-design-27.png\" alt=\"img\">\n                <\/div>\n\n                <div class=\"features-text\">\n                                            <h4 class=\"bdevs-el-box-title\">Friss gy\u00fcm\u00f6lcs\u00f6k \u00e9s z\u00f6lds\u00e9gek<\/h4>\n                                                                <p class=\"bdevs-el-box-des\">\u00c9des, mag n\u00e9lk\u00fcli \u00e9s l\u00e9d\u00fas \u2013 t\u00f6k\u00e9letes friss fogyaszt\u00e1sra.\n<\/p>\n                    \n                                            <div class=\"zomata_button\">\n                            <a class=\"btn bdevs-el-btn\" href=\"https:\/\/cigroup.hu\/hu\/fresh-fruits-and-vegetables\/\">Tov\u00e1bb<\/a>                        <\/div>\n                    \n                <\/div>\n\n            <\/div>\n\n        \n\t\t\t\t<\/div>\n\t\t\t\t<\/div>\n\t\t\t\t\t<\/div>\n\t\t<\/div>\n\t\t\t\t<div class=\"elementor-column elementor-col-50 elementor-inner-column elementor-element elementor-element-012a5d9\" data-id=\"012a5d9\" data-element_type=\"column\">\n\t\t\t<div class=\"elementor-widget-wrap elementor-element-populated\">\n\t\t\t\t\t\t<div class=\"elementor-element elementor-element-5923338 elementor-widget elementor-widget-service bdevs-el service\" data-id=\"5923338\" data-element_type=\"widget\" data-settings=\"{&quot;design_style&quot;:&quot;style_1&quot;}\" data-widget_type=\"service.default\">\n\t\t\t\t<div class=\"elementor-widget-container\">\n\t\t\t\t\t\n\n        \n\n            <div class=\"features-wrapper single-features wrapper-aligned bdevs-el-service-box\">\n\n                <div class=\"features-img bdevs-el-icon\">\n                    <img decoding=\"async\" src=\"https:\/\/cigroup.hu\/wp-content\/uploads\/2025\/02\/Untitled-design-28.png\" alt=\"img\">\n                <\/div>\n\n                <div class=\"features-text\">\n                                            <h4 class=\"bdevs-el-box-title\">Fagyasztott gy\u00fcm\u00f6lcs\u00f6k \u00e9s z\u00f6lds\u00e9gek<\/h4>\n                                                                <p class=\"bdevs-el-box-des\">Pr\u00e9mium fagyasztott term\u00e9kek \u2013 frissess\u00e9gbe z\u00e1rva, t\u00f6k\u00e9letesen csomagolva.\n<\/p>\n                    \n                                            <div class=\"zomata_button\">\n                            <a class=\"btn bdevs-el-btn\" href=\"https:\/\/cigroup.hu\/hu\/frozen-fruits-and-vegetables\/\">Tov\u00e1bb<\/a>                        <\/div>\n                    \n                <\/div>\n\n            <\/div>\n\n        \n\t\t\t\t<\/div>\n\t\t\t\t<\/div>\n\t\t\t\t\t<\/div>\n\t\t<\/div>\n\t\t\t\t\t<\/div>\n\t\t<\/section>\n\t\t\t\t\t<\/div>\n\t\t<\/div>\n\t\t\t\t\t<\/div>\n\t\t<\/section>\n\t\t\t\t<\/div>","protected":false},"excerpt":{"rendered":"<p>Fresh fruits and vegetables Sweet, seedless, and bursting with juice\u2014perfect for fresh consumption. See More Frozen fruits and vegetables High-Quality Frozen Products \u2013 Locked in Freshness, Packed for Perfection! See More<\/p>","protected":false},"author":1,"featured_media":0,"parent":0,"menu_order":0,"comment_status":"closed","ping_status":"closed","template":"elementor_header_footer","meta":{"_acf_changed":false,"footnotes":""},"class_list":["post-4431","page","type-page","status-publish","hentry"],"acf":[],"yoast_head":"<!-- This site is optimized with the Yoast SEO plugin v26.6 - https:\/\/yoast.com\/wordpress\/plugins\/seo\/ -->\n<title>Products - CIG<\/title>\n<meta name=\"robots\" content=\"index, follow, max-snippet:-1, max-image-preview:large, max-video-preview:-1\" \/>\n<link rel=\"canonical\" href=\"https:\/\/cigroup.hu\/hu\/products\/\" \/>\n<meta property=\"og:locale\" content=\"hu_HU\" \/>\n<meta property=\"og:type\" content=\"article\" \/>\n<meta property=\"og:title\" content=\"Products - CIG\" \/>\n<meta property=\"og:description\" content=\"Fresh fruits and vegetables Sweet, seedless, and bursting with juice\u2014perfect for fresh consumption. See More Frozen fruits and vegetables High-Quality Frozen Products \u2013 Locked in Freshness, Packed for Perfection! See More\" \/>\n<meta property=\"og:url\" content=\"https:\/\/cigroup.hu\/hu\/products\/\" \/>\n<meta property=\"og:site_name\" content=\"CIG\" \/>\n<meta property=\"article:modified_time\" content=\"2025-02-12T09:57:22+00:00\" \/>\n<meta property=\"og:image\" content=\"https:\/\/darkslateblue-gerbil-767580.hostingersite.com\/wp-content\/uploads\/2025\/02\/Untitled-design-27.png\" \/>\n<meta name=\"twitter:card\" content=\"summary_large_image\" \/>\n<script type=\"application\/ld+json\" class=\"yoast-schema-graph\">{\"@context\":\"https:\/\/schema.org\",\"@graph\":[{\"@type\":\"WebPage\",\"@id\":\"https:\/\/cigroup.hu\/products\/\",\"url\":\"https:\/\/cigroup.hu\/products\/\",\"name\":\"Products - CIG\",\"isPartOf\":{\"@id\":\"https:\/\/cigroup.hu\/#website\"},\"primaryImageOfPage\":{\"@id\":\"https:\/\/cigroup.hu\/products\/#primaryimage\"},\"image\":{\"@id\":\"https:\/\/cigroup.hu\/products\/#primaryimage\"},\"thumbnailUrl\":\"https:\/\/darkslateblue-gerbil-767580.hostingersite.com\/wp-content\/uploads\/2025\/02\/Untitled-design-27.png\",\"datePublished\":\"2025-02-11T20:11:19+00:00\",\"dateModified\":\"2025-02-12T09:57:22+00:00\",\"breadcrumb\":{\"@id\":\"https:\/\/cigroup.hu\/products\/#breadcrumb\"},\"inLanguage\":\"hu\",\"potentialAction\":[{\"@type\":\"ReadAction\",\"target\":[\"https:\/\/cigroup.hu\/products\/\"]}]},{\"@type\":\"ImageObject\",\"inLanguage\":\"hu\",\"@id\":\"https:\/\/cigroup.hu\/products\/#primaryimage\",\"url\":\"https:\/\/darkslateblue-gerbil-767580.hostingersite.com\/wp-content\/uploads\/2025\/02\/Untitled-design-27.png\",\"contentUrl\":\"https:\/\/darkslateblue-gerbil-767580.hostingersite.com\/wp-content\/uploads\/2025\/02\/Untitled-design-27.png\"},{\"@type\":\"BreadcrumbList\",\"@id\":\"https:\/\/cigroup.hu\/products\/#breadcrumb\",\"itemListElement\":[{\"@type\":\"ListItem\",\"position\":1,\"name\":\"Home\",\"item\":\"https:\/\/cigroup.hu\/\"},{\"@type\":\"ListItem\",\"position\":2,\"name\":\"Products\"}]},{\"@type\":\"WebSite\",\"@id\":\"https:\/\/cigroup.hu\/#website\",\"url\":\"https:\/\/cigroup.hu\/\",\"name\":\"CIG\",\"description\":\"\",\"publisher\":{\"@id\":\"https:\/\/cigroup.hu\/#organization\"},\"potentialAction\":[{\"@type\":\"SearchAction\",\"target\":{\"@type\":\"EntryPoint\",\"urlTemplate\":\"https:\/\/cigroup.hu\/?s={search_term_string}\"},\"query-input\":{\"@type\":\"PropertyValueSpecification\",\"valueRequired\":true,\"valueName\":\"search_term_string\"}}],\"inLanguage\":\"hu\"},{\"@type\":\"Organization\",\"@id\":\"https:\/\/cigroup.hu\/#organization\",\"name\":\"CIG\",\"url\":\"https:\/\/cigroup.hu\/\",\"logo\":{\"@type\":\"ImageObject\",\"inLanguage\":\"hu\",\"@id\":\"https:\/\/cigroup.hu\/#\/schema\/logo\/image\/\",\"url\":\"https:\/\/cigroup.hu\/wp-content\/uploads\/2025\/02\/CIG-01-copy-e1739251579760.png\",\"contentUrl\":\"https:\/\/cigroup.hu\/wp-content\/uploads\/2025\/02\/CIG-01-copy-e1739251579760.png\",\"width\":1387,\"height\":2535,\"caption\":\"CIG\"},\"image\":{\"@id\":\"https:\/\/cigroup.hu\/#\/schema\/logo\/image\/\"}}]}<\/script>\n<!-- \/ Yoast SEO plugin. -->","yoast_head_json":{"title":"Products - CIG","robots":{"index":"index","follow":"follow","max-snippet":"max-snippet:-1","max-image-preview":"max-image-preview:large","max-video-preview":"max-video-preview:-1"},"canonical":"https:\/\/cigroup.hu\/hu\/products\/","og_locale":"hu_HU","og_type":"article","og_title":"Products - CIG","og_description":"Fresh fruits and vegetables Sweet, seedless, and bursting with juice\u2014perfect for fresh consumption. See More Frozen fruits and vegetables High-Quality Frozen Products \u2013 Locked in Freshness, Packed for Perfection! See More","og_url":"https:\/\/cigroup.hu\/hu\/products\/","og_site_name":"CIG","article_modified_time":"2025-02-12T09:57:22+00:00","og_image":[{"url":"https:\/\/darkslateblue-gerbil-767580.hostingersite.com\/wp-content\/uploads\/2025\/02\/Untitled-design-27.png","type":"","width":"","height":""}],"twitter_card":"summary_large_image","schema":{"@context":"https:\/\/schema.org","@graph":[{"@type":"WebPage","@id":"https:\/\/cigroup.hu\/products\/","url":"https:\/\/cigroup.hu\/products\/","name":"Products - CIG","isPartOf":{"@id":"https:\/\/cigroup.hu\/#website"},"primaryImageOfPage":{"@id":"https:\/\/cigroup.hu\/products\/#primaryimage"},"image":{"@id":"https:\/\/cigroup.hu\/products\/#primaryimage"},"thumbnailUrl":"https:\/\/darkslateblue-gerbil-767580.hostingersite.com\/wp-content\/uploads\/2025\/02\/Untitled-design-27.png","datePublished":"2025-02-11T20:11:19+00:00","dateModified":"2025-02-12T09:57:22+00:00","breadcrumb":{"@id":"https:\/\/cigroup.hu\/products\/#breadcrumb"},"inLanguage":"hu","potentialAction":[{"@type":"ReadAction","target":["https:\/\/cigroup.hu\/products\/"]}]},{"@type":"ImageObject","inLanguage":"hu","@id":"https:\/\/cigroup.hu\/products\/#primaryimage","url":"https:\/\/darkslateblue-gerbil-767580.hostingersite.com\/wp-content\/uploads\/2025\/02\/Untitled-design-27.png","contentUrl":"https:\/\/darkslateblue-gerbil-767580.hostingersite.com\/wp-content\/uploads\/2025\/02\/Untitled-design-27.png"},{"@type":"BreadcrumbList","@id":"https:\/\/cigroup.hu\/products\/#breadcrumb","itemListElement":[{"@type":"ListItem","position":1,"name":"Home","item":"https:\/\/cigroup.hu\/"},{"@type":"ListItem","position":2,"name":"Products"}]},{"@type":"WebSite","@id":"https:\/\/cigroup.hu\/#website","url":"https:\/\/cigroup.hu\/","name":"CIG","description":"","publisher":{"@id":"https:\/\/cigroup.hu\/#organization"},"potentialAction":[{"@type":"SearchAction","target":{"@type":"EntryPoint","urlTemplate":"https:\/\/cigroup.hu\/?s={search_term_string}"},"query-input":{"@type":"PropertyValueSpecification","valueRequired":true,"valueName":"search_term_string"}}],"inLanguage":"hu"},{"@type":"Organization","@id":"https:\/\/cigroup.hu\/#organization","name":"CIG","url":"https:\/\/cigroup.hu\/","logo":{"@type":"ImageObject","inLanguage":"hu","@id":"https:\/\/cigroup.hu\/#\/schema\/logo\/image\/","url":"https:\/\/cigroup.hu\/wp-content\/uploads\/2025\/02\/CIG-01-copy-e1739251579760.png","contentUrl":"https:\/\/cigroup.hu\/wp-content\/uploads\/2025\/02\/CIG-01-copy-e1739251579760.png","width":1387,"height":2535,"caption":"CIG"},"image":{"@id":"https:\/\/cigroup.hu\/#\/schema\/logo\/image\/"}}]}},"_links":{"self":[{"href":"https:\/\/cigroup.hu\/hu\/wp-json\/wp\/v2\/pages\/4431","targetHints":{"allow":["GET"]}}],"collection":[{"href":"https:\/\/cigroup.hu\/hu\/wp-json\/wp\/v2\/pages"}],"about":[{"href":"https:\/\/cigroup.hu\/hu\/wp-json\/wp\/v2\/types\/page"}],"author":[{"embeddable":true,"href":"https:\/\/cigroup.hu\/hu\/wp-json\/wp\/v2\/users\/1"}],"replies":[{"embeddable":true,"href":"https:\/\/cigroup.hu\/hu\/wp-json\/wp\/v2\/comments?post=4431"}],"version-history":[{"count":6,"href":"https:\/\/cigroup.hu\/hu\/wp-json\/wp\/v2\/pages\/4431\/revisions"}],"predecessor-version":[{"id":4454,"href":"https:\/\/cigroup.hu\/hu\/wp-json\/wp\/v2\/pages\/4431\/revisions\/4454"}],"wp:attachment":[{"href":"https:\/\/cigroup.hu\/hu\/wp-json\/wp\/v2\/media?parent=4431"}],"curies":[{"name":"wp","href":"https:\/\/api.w.org\/{rel}","templated":true}]}}